{"id":4112,"date":"2025-09-04T16:10:18","date_gmt":"2025-09-04T21:10:18","guid":{"rendered":"https:\/\/edicionesauriseduca.com\/web\/?page_id=4112"},"modified":"2025-09-04T16:22:40","modified_gmt":"2025-09-04T21:22:40","slug":"revistaauris-educacion-y-literatura","status":"publish","type":"page","link":"https:\/\/edicionesauriseduca.com\/web\/revistaauris-educacion-y-literatura\/","title":{"rendered":"REVISTAAURIS &#8211; EDUCACION Y LITERATURA"},"content":{"rendered":"<ul class=\"wp-block-latest-posts__list has-dates has-author wp-block-latest-posts\"><li><a class=\"wp-block-latest-posts__post-title\" href=\"https:\/\/edicionesauriseduca.com\/web\/poesia-territorio-de-espiritu-y-libertad-humana\/\">POESIA: TERRITORIO DEL ESP\u00cdRITU Y LIBERTAD HUMANA<\/a><div class=\"wp-block-latest-posts__post-author\">por David Auris Villegas<\/div><time datetime=\"2026-04-02T23:06:52-05:00\" class=\"wp-block-latest-posts__post-date\">2 abril, 2026<\/time><div class=\"wp-block-latest-posts__post-excerpt\">PDF EPUB Enviar Gu\u00eda did\u00e1ctica para orientar a tesistas y docentes en la elaboraci\u00f3n rigurosa de proyectos de tesis cuantitativos<\/div><\/li>\n<li><a class=\"wp-block-latest-posts__post-title\" href=\"https:\/\/edicionesauriseduca.com\/web\/revista-auris-ano-03-n13-setiembre-2025\/\">REVISTA AURIS -A\u00d1O 03 &#8211; N\u00b013 &#8211; SETIEMBRE -2025<\/a><div class=\"wp-block-latest-posts__post-author\">por David Auris Villegas<\/div><time datetime=\"2026-01-10T21:57:19-05:00\" class=\"wp-block-latest-posts__post-date\">10 enero, 2026<\/time><div class=\"wp-block-latest-posts__post-excerpt\">La literatura es una poderosa herramienta al servicio de la educaci\u00f3n PDF EPUB Enviar<\/div><\/li>\n<li><a class=\"wp-block-latest-posts__post-title\" href=\"https:\/\/edicionesauriseduca.com\/web\/revista-auris-ano-02-n12-julio-2025\/\">REVISTA AURIS -A\u00d1O 02 &#8211; N\u00b012 &#8211; JULIO -2025<\/a><div class=\"wp-block-latest-posts__post-author\">por David Auris Villegas<\/div><time datetime=\"2025-09-16T10:17:48-05:00\" class=\"wp-block-latest-posts__post-date\">16 septiembre, 2025<\/time><div class=\"wp-block-latest-posts__post-excerpt\">En esta edici\u00f3n se presenta una entrevista a la reconocida poeta ecuatoriana Jacqueline Costales, quien adem\u00e1s aparece en la portada. El n\u00famero incluye tambi\u00e9n la colaboraci\u00f3n de destacados poetas de distintos pa\u00edses, como Elena Giacomin (Italia), Sarko Medina (Per\u00fa), An\u00edbal Bonilla (Ecuador), Margarita Drago (Argentina), Francisco Lillo (Chile) y Gerard Garc\u00e9s (Espa\u00f1a), cuyas voces enriquecen &hellip; <a href=\"https:\/\/edicionesauriseduca.com\/web\/revista-auris-ano-02-n12-julio-2025\/\" class=\"more-link\">Read More<\/a><\/div><\/li>\n<li><a class=\"wp-block-latest-posts__post-title\" href=\"https:\/\/edicionesauriseduca.com\/web\/revista-auris-ano-02-n11-mayo-2025\/\">REVISTA AURIS -A\u00d1O 02 &#8211; N\u00b011 &#8211; MAYO -2025<\/a><div class=\"wp-block-latest-posts__post-author\">por David Auris Villegas<\/div><time datetime=\"2025-08-02T13:23:20-05:00\" class=\"wp-block-latest-posts__post-date\">2 agosto, 2025<\/time><div class=\"wp-block-latest-posts__post-excerpt\">Le acompa\u00f1a este texto: Esta edici\u00f3n destacamos las ideas del reconocido pedagogo Le\u00f3n Trahtemberg y de acad\u00e9micos internacionales que ampl\u00edan las perspectivas sobre las pol\u00edticas educativas: Luz Mart\u00ednez, Espa\u00f1a; Marcelo Castillo, Chile; Aleida Llanes, Cuba; Dania Suriel, Rep\u00fablica Dominicana; El\u00edas Mor\u00f3n, Per\u00fa; y Luis Rodr\u00edguez, Puerto Rico. PDF EPUB Enviar<\/div><\/li>\n<li><a class=\"wp-block-latest-posts__post-title\" href=\"https:\/\/edicionesauriseduca.com\/web\/revista-auris-ano-02-n10-marzo-2025\/\">REVISTA AURIS -A\u00d1O 02 &#8211; N\u00b010 &#8211; MARZO -2025<\/a><div class=\"wp-block-latest-posts__post-author\">por David Auris Villegas<\/div><time datetime=\"2025-07-16T15:50:57-05:00\" class=\"wp-block-latest-posts__post-date\">16 julio, 2025<\/time><div class=\"wp-block-latest-posts__post-excerpt\">Voces como las de Pamela Simoncelli, Rub\u00e9n Rodr\u00edguez, Omaira Vivas, Iriana Gonz\u00e1lez, Isaac Huam\u00e1n y \u00d3lfir Guzm\u00e1n se entretejen en una copla coral que refleja la diversidad vital de la literatura latinoamericana actual. PDF EPUB Enviar<\/div><\/li>\n<li><a class=\"wp-block-latest-posts__post-title\" href=\"https:\/\/edicionesauriseduca.com\/web\/revista-auris-ano-02-n09-enero-2025\/\">REVISTA AURIS -A\u00d1O 02 &#8211; N\u00b009 &#8211; ENERO -2025<\/a><div class=\"wp-block-latest-posts__post-author\">por David Auris Villegas<\/div><time datetime=\"2025-04-19T17:35:01-05:00\" class=\"wp-block-latest-posts__post-date\">19 abril, 2025<\/time><div class=\"wp-block-latest-posts__post-excerpt\">\u00bb La \u00e9tica del bien hacer, del activo m\u00e1s poderoso del quehacer docente en el ecosistema educativo \u00ab PDF EPUB Enviar<\/div><\/li>\n<li><a class=\"wp-block-latest-posts__post-title\" href=\"https:\/\/edicionesauriseduca.com\/web\/revista-auris-ano-02-n08-noviembre-2024\/\">REVISTA AURIS -A\u00d1O 02 &#8211; N\u00b008 &#8211; NOVIEMBRE &#8211; 2024<\/a><div class=\"wp-block-latest-posts__post-author\">por David Auris Villegas<\/div><time datetime=\"2025-01-06T11:32:25-05:00\" class=\"wp-block-latest-posts__post-date\">6 enero, 2025<\/time><div class=\"wp-block-latest-posts__post-excerpt\">\u00abPoemas, desde la profundidad del cuerpoy del ser\u00bb PDF EPUB Enviar<\/div><\/li>\n<li><a class=\"wp-block-latest-posts__post-title\" href=\"https:\/\/edicionesauriseduca.com\/web\/revista-auris-ano-02-n-07-setiembre-2024\/\">REVISTA AURIS A\u00d1O 02 N\u00b0 07 SETIEMBRE 2024<\/a><div class=\"wp-block-latest-posts__post-author\">por David Auris Villegas<\/div><time datetime=\"2024-11-04T16:24:00-05:00\" class=\"wp-block-latest-posts__post-date\">4 noviembre, 2024<\/time><div class=\"wp-block-latest-posts__post-excerpt\">Conocer los beneficios de la internacionalizaci\u00f3n de la educaci\u00f3nsuperior, empodera la pr\u00e1ctica docente PDF EPUB Enviar<\/div><\/li>\n<li><a class=\"wp-block-latest-posts__post-title\" href=\"https:\/\/edicionesauriseduca.com\/web\/revista-auris-ano-01-n-06-julio-2024\/\">REVISTA AURIS A\u00d1O 01 N\u00b0 06 JULIO 2024<\/a><div class=\"wp-block-latest-posts__post-author\">por David Auris Villegas<\/div><time datetime=\"2024-09-16T16:21:36-05:00\" class=\"wp-block-latest-posts__post-date\">16 septiembre, 2024<\/time><div class=\"wp-block-latest-posts__post-excerpt\">Poemas humanos desde diversas voces PDF EPUB Enviar<\/div><\/li>\n<li><a class=\"wp-block-latest-posts__post-title\" href=\"https:\/\/edicionesauriseduca.com\/web\/revista-auris-ano-01-n-05-mayo-2024\/\">REVISTA AURIS A\u00d1O 01 N\u00b0 05 MAYO 2024<\/a><div class=\"wp-block-latest-posts__post-author\">por David Auris Villegas<\/div><time datetime=\"2024-07-29T16:33:24-05:00\" class=\"wp-block-latest-posts__post-date\">29 julio, 2024<\/time><div class=\"wp-block-latest-posts__post-excerpt\">Gobernanza&nbsp; para una alta gesti\u00f3n de la educaci\u00f3n b\u00e1sica PDF EPUB Enviar<\/div><\/li>\n<li><a class=\"wp-block-latest-posts__post-title\" href=\"https:\/\/edicionesauriseduca.com\/web\/revista-auris-ano-01-n-04-marzo-2024\/\">REVISTA AURIS A\u00d1O 01 N\u00b0 04 MARZO 2024<\/a><div class=\"wp-block-latest-posts__post-author\">por David Auris Villegas<\/div><time datetime=\"2024-04-29T17:05:57-05:00\" class=\"wp-block-latest-posts__post-date\">29 abril, 2024<\/time><div class=\"wp-block-latest-posts__post-excerpt\">Poes\u00eda universal desde las profundidades del almaEscrito por poetas de: Per\u00fa, Colombia y M\u00e9xico PDF EPUB Enviar<\/div><\/li>\n<\/ul>","protected":false},"excerpt":{"rendered":"","protected":false},"author":2,"featured_media":0,"parent":0,"menu_order":0,"comment_status":"closed","ping_status":"closed","template":"","meta":{"footnotes":""},"class_list":["post-4112","page","type-page","status-publish","hentry","entry"],"yoast_head":"<!-- This site is optimized with the Yoast SEO plugin v27.4 - https:\/\/yoast.com\/product\/yoast-seo-wordpress\/ -->\n<title>REVISTAAURIS - EDUCACION Y LITERATURA - Ediciones Auriseduca<\/title>\n<meta name=\"robots\" content=\"index, follow, max-snippet:-1, max-image-preview:large, max-video-preview:-1\" \/>\n<link rel=\"canonical\" href=\"https:\/\/edicionesauriseduca.com\/web\/revistaauris-educacion-y-literatura\/\" \/>\n<meta property=\"og:locale\" content=\"es_ES\" \/>\n<meta property=\"og:type\" content=\"article\" \/>\n<meta property=\"og:title\" content=\"REVISTAAURIS - EDUCACION Y LITERATURA - Ediciones Auriseduca\" \/>\n<meta property=\"og:url\" content=\"https:\/\/edicionesauriseduca.com\/web\/revistaauris-educacion-y-literatura\/\" \/>\n<meta property=\"og:site_name\" content=\"Ediciones Auriseduca\" \/>\n<meta property=\"article:modified_time\" content=\"2025-09-04T21:22:40+00:00\" \/>\n<meta name=\"twitter:card\" content=\"summary_large_image\" \/>\n<script type=\"application\/ld+json\" class=\"yoast-schema-graph\">{\"@context\":\"https:\\\/\\\/schema.org\",\"@graph\":[{\"@type\":\"WebPage\",\"@id\":\"https:\\\/\\\/edicionesauriseduca.com\\\/web\\\/revistaauris-educacion-y-literatura\\\/\",\"url\":\"https:\\\/\\\/edicionesauriseduca.com\\\/web\\\/revistaauris-educacion-y-literatura\\\/\",\"name\":\"REVISTAAURIS - EDUCACION Y LITERATURA - Ediciones Auriseduca\",\"isPartOf\":{\"@id\":\"https:\\\/\\\/edicionesauriseduca.com\\\/web\\\/#website\"},\"datePublished\":\"2025-09-04T21:10:18+00:00\",\"dateModified\":\"2025-09-04T21:22:40+00:00\",\"breadcrumb\":{\"@id\":\"https:\\\/\\\/edicionesauriseduca.com\\\/web\\\/revistaauris-educacion-y-literatura\\\/#breadcrumb\"},\"inLanguage\":\"es-PE\",\"potentialAction\":[{\"@type\":\"ReadAction\",\"target\":[\"https:\\\/\\\/edicionesauriseduca.com\\\/web\\\/revistaauris-educacion-y-literatura\\\/\"]}]},{\"@type\":\"BreadcrumbList\",\"@id\":\"https:\\\/\\\/edicionesauriseduca.com\\\/web\\\/revistaauris-educacion-y-literatura\\\/#breadcrumb\",\"itemListElement\":[{\"@type\":\"ListItem\",\"position\":1,\"name\":\"Portada\",\"item\":\"https:\\\/\\\/edicionesauriseduca.com\\\/web\\\/\"},{\"@type\":\"ListItem\",\"position\":2,\"name\":\"REVISTAAURIS &#8211; EDUCACION Y LITERATURA\"}]},{\"@type\":\"WebSite\",\"@id\":\"https:\\\/\\\/edicionesauriseduca.com\\\/web\\\/#website\",\"url\":\"https:\\\/\\\/edicionesauriseduca.com\\\/web\\\/\",\"name\":\"Ediciones Auriseduca\",\"description\":\"\",\"potentialAction\":[{\"@type\":\"SearchAction\",\"target\":{\"@type\":\"EntryPoint\",\"urlTemplate\":\"https:\\\/\\\/edicionesauriseduca.com\\\/web\\\/?s={search_term_string}\"},\"query-input\":{\"@type\":\"PropertyValueSpecification\",\"valueRequired\":true,\"valueName\":\"search_term_string\"}}],\"inLanguage\":\"es-PE\"}]}<\/script>\n<!-- \/ Yoast SEO plugin. -->","yoast_head_json":{"title":"REVISTAAURIS - EDUCACION Y LITERATURA - Ediciones Auriseduca","robots":{"index":"index","follow":"follow","max-snippet":"max-snippet:-1","max-image-preview":"max-image-preview:large","max-video-preview":"max-video-preview:-1"},"canonical":"https:\/\/edicionesauriseduca.com\/web\/revistaauris-educacion-y-literatura\/","og_locale":"es_ES","og_type":"article","og_title":"REVISTAAURIS - EDUCACION Y LITERATURA - Ediciones Auriseduca","og_url":"https:\/\/edicionesauriseduca.com\/web\/revistaauris-educacion-y-literatura\/","og_site_name":"Ediciones Auriseduca","article_modified_time":"2025-09-04T21:22:40+00:00","twitter_card":"summary_large_image","schema":{"@context":"https:\/\/schema.org","@graph":[{"@type":"WebPage","@id":"https:\/\/edicionesauriseduca.com\/web\/revistaauris-educacion-y-literatura\/","url":"https:\/\/edicionesauriseduca.com\/web\/revistaauris-educacion-y-literatura\/","name":"REVISTAAURIS - EDUCACION Y LITERATURA - Ediciones Auriseduca","isPartOf":{"@id":"https:\/\/edicionesauriseduca.com\/web\/#website"},"datePublished":"2025-09-04T21:10:18+00:00","dateModified":"2025-09-04T21:22:40+00:00","breadcrumb":{"@id":"https:\/\/edicionesauriseduca.com\/web\/revistaauris-educacion-y-literatura\/#breadcrumb"},"inLanguage":"es-PE","potentialAction":[{"@type":"ReadAction","target":["https:\/\/edicionesauriseduca.com\/web\/revistaauris-educacion-y-literatura\/"]}]},{"@type":"BreadcrumbList","@id":"https:\/\/edicionesauriseduca.com\/web\/revistaauris-educacion-y-literatura\/#breadcrumb","itemListElement":[{"@type":"ListItem","position":1,"name":"Portada","item":"https:\/\/edicionesauriseduca.com\/web\/"},{"@type":"ListItem","position":2,"name":"REVISTAAURIS &#8211; EDUCACION Y LITERATURA"}]},{"@type":"WebSite","@id":"https:\/\/edicionesauriseduca.com\/web\/#website","url":"https:\/\/edicionesauriseduca.com\/web\/","name":"Ediciones Auriseduca","description":"","potentialAction":[{"@type":"SearchAction","target":{"@type":"EntryPoint","urlTemplate":"https:\/\/edicionesauriseduca.com\/web\/?s={search_term_string}"},"query-input":{"@type":"PropertyValueSpecification","valueRequired":true,"valueName":"search_term_string"}}],"inLanguage":"es-PE"}]}},"_links":{"self":[{"href":"https:\/\/edicionesauriseduca.com\/web\/wp-json\/wp\/v2\/pages\/4112","targetHints":{"allow":["GET"]}}],"collection":[{"href":"https:\/\/edicionesauriseduca.com\/web\/wp-json\/wp\/v2\/pages"}],"about":[{"href":"https:\/\/edicionesauriseduca.com\/web\/wp-json\/wp\/v2\/types\/page"}],"author":[{"embeddable":true,"href":"https:\/\/edicionesauriseduca.com\/web\/wp-json\/wp\/v2\/users\/2"}],"replies":[{"embeddable":true,"href":"https:\/\/edicionesauriseduca.com\/web\/wp-json\/wp\/v2\/comments?post=4112"}],"version-history":[{"count":5,"href":"https:\/\/edicionesauriseduca.com\/web\/wp-json\/wp\/v2\/pages\/4112\/revisions"}],"predecessor-version":[{"id":4154,"href":"https:\/\/edicionesauriseduca.com\/web\/wp-json\/wp\/v2\/pages\/4112\/revisions\/4154"}],"wp:attachment":[{"href":"https:\/\/edicionesauriseduca.com\/web\/wp-json\/wp\/v2\/media?parent=4112"}],"curies":[{"name":"wp","href":"https:\/\/api.w.org\/{rel}","templated":true}]}}