{"id":1998,"date":"2023-01-18T16:13:19","date_gmt":"2023-01-18T21:13:19","guid":{"rendered":"https:\/\/edicionesauriseduca.com\/web\/?page_id=1998"},"modified":"2024-10-01T17:47:15","modified_gmt":"2024-10-01T22:47:15","slug":"davidaurisvillegas-abdiv-capacitaciones","status":"publish","type":"page","link":"https:\/\/edicionesauriseduca.com\/web\/davidaurisvillegas-abdiv-capacitaciones\/","title":{"rendered":"ABDIV Capacitaciones"},"content":{"rendered":"\t\t<div data-elementor-type=\"wp-page\" data-elementor-id=\"1998\" class=\"elementor elementor-1998\" data-elementor-post-type=\"page\">\n\t\t\t\t\t\t<section class=\"elementor-section elementor-top-section elementor-element elementor-element-4cdd5298 elementor-section-boxed elementor-section-height-default elementor-section-height-default\" data-id=\"4cdd5298\" data-element_type=\"section\" data-e-type=\"section\">\n\t\t\t\t\t\t<div class=\"elementor-container elementor-column-gap-default\">\n\t\t\t\t\t<div class=\"elementor-column elementor-col-100 elementor-top-column elementor-element elementor-element-47b423b8\" data-id=\"47b423b8\" data-element_type=\"column\" data-e-type=\"column\">\n\t\t\t<div class=\"elementor-widget-wrap elementor-element-populated\">\n\t\t\t\t\t\t<div class=\"elementor-element elementor-element-41484dd8 elementor-widget elementor-widget-text-editor\" data-id=\"41484dd8\" data-element_type=\"widget\" data-e-type=\"widget\" data-widget_type=\"text-editor.default\">\n\t\t\t\t<div class=\"elementor-widget-container\">\n\t\t\t\t\t\t\t\t\t<alt=\"David Auris Villegas ABDIV Capacitaciones\">\n\n<p>\u2013 Clases innovadoras<\/p>\n\n\n\n<p>\u2013\u00a0 Asesorias acad\u00e9micas a Universidades<\/p>\n\n\n\n<p>\u2013 Charlas literarias para municipios y gobiernos regionales<\/p>\n\n\n\n<p>\u2013 Charlas pedag\u00f3gicas para municipios y Ugels<\/p>\n\n\n\n<p>\u2013 Asesor\u00eda pedag\u00f3gica a Universidades, Institutos pedag\u00f3gicas y educaci\u00f3n b\u00e1sica.<\/p>\n\n\n\n<p>\u2013 Conferencias en temas de educaci\u00f3n.<\/p>\n\n\n\n<p>\u2013 Conferencias en temas de investigaci\u00f3n<\/p>\n\n\n\n<p>\u2013 Asesor\u00eda de Tesis<\/p>\n\n\n\n<p>\u2013 Capacitaci\u00f3n en Plan Lector<\/p>\n\n\n\n<p>\u2013 Capacitaci\u00f3n en Did\u00e1ctica<\/p>\n\n\n\n<p>\u2013 Capacitaci\u00f3n en Docencia Universitaria<\/p>\n\n\n\n<p>&#8211; Charlas en temas de literatura<\/p>\n\n\n\n<p>&#8211; Divulgaci\u00f3n de libros en repositorios mundiales<\/p>\n\n\n\n<p>&#8211; Entrevistas en temas de Educaci\u00f3n<\/p>\n\n\n\n<p>&#8211; Entrevistas en temas de Literatura<\/p>\n\n\n\n<p>&#8211; Transformamos tesis en libros para publicar como libro de investigaci\u00f3n<\/p>\n\n\n\n<p>&#8211; Elaboraci\u00f3n de art\u00edculos cient\u00edficos<\/p>\n\n\n\n<p>&#8211; Correcci\u00f3n de estilo<\/p>\n\n\n\n<p>&#8211; Asesor\u00eda, edici\u00f3n, publicaci\u00f3n y divulgaci\u00f3n de libros digitales e impresos.<\/p>\n\t\t\t\t\t\t\t\t<\/div>\n\t\t\t\t<\/div>\n\t\t\t\t\t<\/div>\n\t\t<\/div>\n\t\t\t\t\t<\/div>\n\t\t<\/section>\n\t\t\t\t<\/div>\n\t\t","protected":false},"excerpt":{"rendered":"<p>\u2013 Clases innovadoras \u2013\u00a0 Asesorias acad\u00e9micas a Universidades \u2013 Charlas literarias para municipios y gobiernos regionales \u2013 Charlas pedag\u00f3gicas para municipios y Ugels \u2013 Asesor\u00eda pedag\u00f3gica a Universidades, Institutos pedag\u00f3gicas &hellip; <a href=\"https:\/\/edicionesauriseduca.com\/web\/davidaurisvillegas-abdiv-capacitaciones\/\" class=\"more-link\">Read More<\/a><\/p>\n","protected":false},"author":2,"featured_media":0,"parent":0,"menu_order":0,"comment_status":"closed","ping_status":"closed","template":"","meta":{"footnotes":""},"class_list":["post-1998","page","type-page","status-publish","hentry","entry"],"yoast_head":"<!-- This site is optimized with the Yoast SEO plugin v27.4 - https:\/\/yoast.com\/product\/yoast-seo-wordpress\/ -->\n<title>ABDIV Capacitaciones - Ediciones Auriseduca<\/title>\n<meta name=\"robots\" content=\"index, follow, max-snippet:-1, max-image-preview:large, max-video-preview:-1\" \/>\n<link rel=\"canonical\" href=\"https:\/\/edicionesauriseduca.com\/web\/davidaurisvillegas-abdiv-capacitaciones\/\" \/>\n<meta property=\"og:locale\" content=\"es_ES\" \/>\n<meta property=\"og:type\" content=\"article\" \/>\n<meta property=\"og:title\" content=\"ABDIV Capacitaciones - Ediciones Auriseduca\" \/>\n<meta property=\"og:description\" content=\"\u2013 Clases innovadoras \u2013\u00a0 Asesorias acad\u00e9micas a Universidades \u2013 Charlas literarias para municipios y gobiernos regionales \u2013 Charlas pedag\u00f3gicas para municipios y Ugels \u2013 Asesor\u00eda pedag\u00f3gica a Universidades, Institutos pedag\u00f3gicas &hellip; Read More\" \/>\n<meta property=\"og:url\" content=\"https:\/\/edicionesauriseduca.com\/web\/davidaurisvillegas-abdiv-capacitaciones\/\" \/>\n<meta property=\"og:site_name\" content=\"Ediciones Auriseduca\" \/>\n<meta property=\"article:modified_time\" content=\"2024-10-01T22:47:15+00:00\" \/>\n<meta name=\"twitter:card\" content=\"summary_large_image\" \/>\n<script type=\"application\/ld+json\" class=\"yoast-schema-graph\">{\"@context\":\"https:\\\/\\\/schema.org\",\"@graph\":[{\"@type\":\"WebPage\",\"@id\":\"https:\\\/\\\/edicionesauriseduca.com\\\/web\\\/davidaurisvillegas-abdiv-capacitaciones\\\/\",\"url\":\"https:\\\/\\\/edicionesauriseduca.com\\\/web\\\/davidaurisvillegas-abdiv-capacitaciones\\\/\",\"name\":\"ABDIV Capacitaciones - Ediciones Auriseduca\",\"isPartOf\":{\"@id\":\"https:\\\/\\\/edicionesauriseduca.com\\\/web\\\/#website\"},\"datePublished\":\"2023-01-18T21:13:19+00:00\",\"dateModified\":\"2024-10-01T22:47:15+00:00\",\"breadcrumb\":{\"@id\":\"https:\\\/\\\/edicionesauriseduca.com\\\/web\\\/davidaurisvillegas-abdiv-capacitaciones\\\/#breadcrumb\"},\"inLanguage\":\"es-PE\",\"potentialAction\":[{\"@type\":\"ReadAction\",\"target\":[\"https:\\\/\\\/edicionesauriseduca.com\\\/web\\\/davidaurisvillegas-abdiv-capacitaciones\\\/\"]}]},{\"@type\":\"BreadcrumbList\",\"@id\":\"https:\\\/\\\/edicionesauriseduca.com\\\/web\\\/davidaurisvillegas-abdiv-capacitaciones\\\/#breadcrumb\",\"itemListElement\":[{\"@type\":\"ListItem\",\"position\":1,\"name\":\"Portada\",\"item\":\"https:\\\/\\\/edicionesauriseduca.com\\\/web\\\/\"},{\"@type\":\"ListItem\",\"position\":2,\"name\":\"ABDIV Capacitaciones\"}]},{\"@type\":\"WebSite\",\"@id\":\"https:\\\/\\\/edicionesauriseduca.com\\\/web\\\/#website\",\"url\":\"https:\\\/\\\/edicionesauriseduca.com\\\/web\\\/\",\"name\":\"Ediciones Auriseduca\",\"description\":\"\",\"potentialAction\":[{\"@type\":\"SearchAction\",\"target\":{\"@type\":\"EntryPoint\",\"urlTemplate\":\"https:\\\/\\\/edicionesauriseduca.com\\\/web\\\/?s={search_term_string}\"},\"query-input\":{\"@type\":\"PropertyValueSpecification\",\"valueRequired\":true,\"valueName\":\"search_term_string\"}}],\"inLanguage\":\"es-PE\"}]}<\/script>\n<!-- \/ Yoast SEO plugin. -->","yoast_head_json":{"title":"ABDIV Capacitaciones - Ediciones Auriseduca","robots":{"index":"index","follow":"follow","max-snippet":"max-snippet:-1","max-image-preview":"max-image-preview:large","max-video-preview":"max-video-preview:-1"},"canonical":"https:\/\/edicionesauriseduca.com\/web\/davidaurisvillegas-abdiv-capacitaciones\/","og_locale":"es_ES","og_type":"article","og_title":"ABDIV Capacitaciones - Ediciones Auriseduca","og_description":"\u2013 Clases innovadoras \u2013\u00a0 Asesorias acad\u00e9micas a Universidades \u2013 Charlas literarias para municipios y gobiernos regionales \u2013 Charlas pedag\u00f3gicas para municipios y Ugels \u2013 Asesor\u00eda pedag\u00f3gica a Universidades, Institutos pedag\u00f3gicas &hellip; Read More","og_url":"https:\/\/edicionesauriseduca.com\/web\/davidaurisvillegas-abdiv-capacitaciones\/","og_site_name":"Ediciones Auriseduca","article_modified_time":"2024-10-01T22:47:15+00:00","twitter_card":"summary_large_image","schema":{"@context":"https:\/\/schema.org","@graph":[{"@type":"WebPage","@id":"https:\/\/edicionesauriseduca.com\/web\/davidaurisvillegas-abdiv-capacitaciones\/","url":"https:\/\/edicionesauriseduca.com\/web\/davidaurisvillegas-abdiv-capacitaciones\/","name":"ABDIV Capacitaciones - Ediciones Auriseduca","isPartOf":{"@id":"https:\/\/edicionesauriseduca.com\/web\/#website"},"datePublished":"2023-01-18T21:13:19+00:00","dateModified":"2024-10-01T22:47:15+00:00","breadcrumb":{"@id":"https:\/\/edicionesauriseduca.com\/web\/davidaurisvillegas-abdiv-capacitaciones\/#breadcrumb"},"inLanguage":"es-PE","potentialAction":[{"@type":"ReadAction","target":["https:\/\/edicionesauriseduca.com\/web\/davidaurisvillegas-abdiv-capacitaciones\/"]}]},{"@type":"BreadcrumbList","@id":"https:\/\/edicionesauriseduca.com\/web\/davidaurisvillegas-abdiv-capacitaciones\/#breadcrumb","itemListElement":[{"@type":"ListItem","position":1,"name":"Portada","item":"https:\/\/edicionesauriseduca.com\/web\/"},{"@type":"ListItem","position":2,"name":"ABDIV Capacitaciones"}]},{"@type":"WebSite","@id":"https:\/\/edicionesauriseduca.com\/web\/#website","url":"https:\/\/edicionesauriseduca.com\/web\/","name":"Ediciones Auriseduca","description":"","potentialAction":[{"@type":"SearchAction","target":{"@type":"EntryPoint","urlTemplate":"https:\/\/edicionesauriseduca.com\/web\/?s={search_term_string}"},"query-input":{"@type":"PropertyValueSpecification","valueRequired":true,"valueName":"search_term_string"}}],"inLanguage":"es-PE"}]}},"_links":{"self":[{"href":"https:\/\/edicionesauriseduca.com\/web\/wp-json\/wp\/v2\/pages\/1998","targetHints":{"allow":["GET"]}}],"collection":[{"href":"https:\/\/edicionesauriseduca.com\/web\/wp-json\/wp\/v2\/pages"}],"about":[{"href":"https:\/\/edicionesauriseduca.com\/web\/wp-json\/wp\/v2\/types\/page"}],"author":[{"embeddable":true,"href":"https:\/\/edicionesauriseduca.com\/web\/wp-json\/wp\/v2\/users\/2"}],"replies":[{"embeddable":true,"href":"https:\/\/edicionesauriseduca.com\/web\/wp-json\/wp\/v2\/comments?post=1998"}],"version-history":[{"count":11,"href":"https:\/\/edicionesauriseduca.com\/web\/wp-json\/wp\/v2\/pages\/1998\/revisions"}],"predecessor-version":[{"id":3807,"href":"https:\/\/edicionesauriseduca.com\/web\/wp-json\/wp\/v2\/pages\/1998\/revisions\/3807"}],"wp:attachment":[{"href":"https:\/\/edicionesauriseduca.com\/web\/wp-json\/wp\/v2\/media?parent=1998"}],"curies":[{"name":"wp","href":"https:\/\/api.w.org\/{rel}","templated":true}]}}