{"id":1921,"date":"2022-12-15T16:05:19","date_gmt":"2022-12-15T21:05:19","guid":{"rendered":"https:\/\/edicionesauriseduca.com\/web\/?page_id=1921"},"modified":"2023-12-30T08:14:58","modified_gmt":"2023-12-30T13:14:58","slug":"contacto","status":"publish","type":"page","link":"https:\/\/edicionesauriseduca.com\/web\/contacto\/","title":{"rendered":"Contacto"},"content":{"rendered":"\t\t<div data-elementor-type=\"wp-page\" data-elementor-id=\"1921\" class=\"elementor elementor-1921\" data-elementor-post-type=\"page\">\n\t\t\t\t\t\t<section class=\"elementor-section elementor-top-section elementor-element elementor-element-4c1d1772 elementor-section-boxed elementor-section-height-default elementor-section-height-default\" data-id=\"4c1d1772\" data-element_type=\"section\" data-e-type=\"section\">\n\t\t\t\t\t\t<div class=\"elementor-container elementor-column-gap-default\">\n\t\t\t\t\t<div class=\"elementor-column elementor-col-100 elementor-top-column elementor-element elementor-element-643d580b\" data-id=\"643d580b\" data-element_type=\"column\" data-e-type=\"column\">\n\t\t\t<div class=\"elementor-widget-wrap elementor-element-populated\">\n\t\t\t\t\t\t<div class=\"elementor-element elementor-element-6255a747 elementor-widget elementor-widget-text-editor\" data-id=\"6255a747\" data-element_type=\"widget\" data-e-type=\"widget\" data-widget_type=\"text-editor.default\">\n\t\t\t\t<div class=\"elementor-widget-container\">\n\t\t\t\t\t\t\t\t\t\n<p><\/p>\n\n\n\n<p><\/p>\n\t\t\t\t\t\t\t\t<\/div>\n\t\t\t\t<\/div>\n\t\t\t\t\t<\/div>\n\t\t<\/div>\n\t\t\t\t\t<\/div>\n\t\t<\/section>\n\t\t\t\t<section class=\"elementor-section elementor-top-section elementor-element elementor-element-6c23467 elementor-section-boxed elementor-section-height-default elementor-section-height-default\" data-id=\"6c23467\" data-element_type=\"section\" data-e-type=\"section\">\n\t\t\t\t\t\t<div class=\"elementor-container elementor-column-gap-default\">\n\t\t\t\t\t<div class=\"elementor-column elementor-col-25 elementor-top-column elementor-element elementor-element-a18656d\" data-id=\"a18656d\" data-element_type=\"column\" data-e-type=\"column\">\n\t\t\t<div class=\"elementor-widget-wrap elementor-element-populated\">\n\t\t\t\t\t\t<div class=\"elementor-element elementor-element-6b7a563 elementor-widget elementor-widget-image\" data-id=\"6b7a563\" data-element_type=\"widget\" data-e-type=\"widget\" data-widget_type=\"image.default\">\n\t\t\t\t<div class=\"elementor-widget-container\">\n\t\t\t\t\t\t\t\t\t\t\t\t\t\t\t<img fetchpriority=\"high\" decoding=\"async\" width=\"283\" height=\"178\" src=\"https:\/\/edicionesauriseduca.com\/web\/wp-content\/uploads\/2023\/08\/descarga-1.png\" class=\"attachment-large size-large wp-image-3274\" alt=\"\" \/>\t\t\t\t\t\t\t\t\t\t\t\t\t\t\t<\/div>\n\t\t\t\t<\/div>\n\t\t\t\t\t<\/div>\n\t\t<\/div>\n\t\t\t\t<div class=\"elementor-column elementor-col-25 elementor-top-column elementor-element elementor-element-2a1f9dc\" data-id=\"2a1f9dc\" data-element_type=\"column\" data-e-type=\"column\">\n\t\t\t<div class=\"elementor-widget-wrap elementor-element-populated\">\n\t\t\t\t\t\t<div class=\"elementor-element elementor-element-4f89192 elementor-widget elementor-widget-text-editor\" data-id=\"4f89192\" data-element_type=\"widget\" data-e-type=\"widget\" data-widget_type=\"text-editor.default\">\n\t\t\t\t<div class=\"elementor-widget-container\">\n\t\t\t\t\t\t\t\t\t<p>\u00a0<\/p>\n<p><span style=\"color: var( --e-global-color-text ); font-family: var( --e-global-typography-text-font-family ), Sans-serif; font-weight: var( --e-global-typography-text-font-weight );\">edicionesauriseduca@gmail.com<\/span><\/p>\t\t\t\t\t\t\t\t<\/div>\n\t\t\t\t<\/div>\n\t\t\t\t\t<\/div>\n\t\t<\/div>\n\t\t\t\t<div class=\"elementor-column elementor-col-25 elementor-top-column elementor-element elementor-element-a6e3c45\" data-id=\"a6e3c45\" data-element_type=\"column\" data-e-type=\"column\">\n\t\t\t<div class=\"elementor-widget-wrap\">\n\t\t\t\t\t\t\t<\/div>\n\t\t<\/div>\n\t\t\t\t<div class=\"elementor-column elementor-col-25 elementor-top-column elementor-element elementor-element-e77236d\" data-id=\"e77236d\" data-element_type=\"column\" data-e-type=\"column\">\n\t\t\t<div class=\"elementor-widget-wrap\">\n\t\t\t\t\t\t\t<\/div>\n\t\t<\/div>\n\t\t\t\t\t<\/div>\n\t\t<\/section>\n\t\t\t\t<section class=\"elementor-section elementor-top-section elementor-element elementor-element-5bce59f elementor-section-boxed elementor-section-height-default elementor-section-height-default\" data-id=\"5bce59f\" data-element_type=\"section\" data-e-type=\"section\">\n\t\t\t\t\t\t<div class=\"elementor-container elementor-column-gap-default\">\n\t\t\t\t\t<div class=\"elementor-column elementor-col-25 elementor-top-column elementor-element elementor-element-529dbe9\" data-id=\"529dbe9\" data-element_type=\"column\" data-e-type=\"column\">\n\t\t\t<div class=\"elementor-widget-wrap elementor-element-populated\">\n\t\t\t\t\t\t<div class=\"elementor-element elementor-element-3364115 elementor-widget elementor-widget-image\" data-id=\"3364115\" data-element_type=\"widget\" data-e-type=\"widget\" data-widget_type=\"image.default\">\n\t\t\t\t<div class=\"elementor-widget-container\">\n\t\t\t\t\t\t\t\t\t\t\t\t\t\t\t<img decoding=\"async\" width=\"150\" height=\"150\" src=\"https:\/\/edicionesauriseduca.com\/web\/wp-content\/uploads\/2023\/08\/unnamed-150x150.png\" class=\"attachment-thumbnail size-thumbnail wp-image-3275\" alt=\"\" srcset=\"https:\/\/edicionesauriseduca.com\/web\/wp-content\/uploads\/2023\/08\/unnamed-150x150.png 150w, https:\/\/edicionesauriseduca.com\/web\/wp-content\/uploads\/2023\/08\/unnamed-300x300.png 300w, https:\/\/edicionesauriseduca.com\/web\/wp-content\/uploads\/2023\/08\/unnamed.png 512w\" sizes=\"(max-width: 150px) 100vw, 150px\" \/>\t\t\t\t\t\t\t\t\t\t\t\t\t\t\t<\/div>\n\t\t\t\t<\/div>\n\t\t\t\t\t<\/div>\n\t\t<\/div>\n\t\t\t\t<div class=\"elementor-column elementor-col-25 elementor-top-column elementor-element elementor-element-d59db7b\" data-id=\"d59db7b\" data-element_type=\"column\" data-e-type=\"column\">\n\t\t\t<div class=\"elementor-widget-wrap elementor-element-populated\">\n\t\t\t\t\t\t<div class=\"elementor-element elementor-element-e39998c elementor-widget elementor-widget-text-editor\" data-id=\"e39998c\" data-element_type=\"widget\" data-e-type=\"widget\" data-widget_type=\"text-editor.default\">\n\t\t\t\t<div class=\"elementor-widget-container\">\n\t\t\t\t\t\t\t\t\t<p><\/p>\n<p><br><\/p><p>+51 976492803<\/p>\t\t\t\t\t\t\t\t<\/div>\n\t\t\t\t<\/div>\n\t\t\t\t\t<\/div>\n\t\t<\/div>\n\t\t\t\t<div class=\"elementor-column elementor-col-25 elementor-top-column elementor-element elementor-element-0796cd0\" data-id=\"0796cd0\" data-element_type=\"column\" data-e-type=\"column\">\n\t\t\t<div class=\"elementor-widget-wrap\">\n\t\t\t\t\t\t\t<\/div>\n\t\t<\/div>\n\t\t\t\t<div class=\"elementor-column elementor-col-25 elementor-top-column elementor-element elementor-element-bec376d\" data-id=\"bec376d\" data-element_type=\"column\" data-e-type=\"column\">\n\t\t\t<div class=\"elementor-widget-wrap\">\n\t\t\t\t\t\t\t<\/div>\n\t\t<\/div>\n\t\t\t\t\t<\/div>\n\t\t<\/section>\n\t\t\t\t<section class=\"elementor-section elementor-top-section elementor-element elementor-element-6745a2a elementor-section-boxed elementor-section-height-default elementor-section-height-default\" data-id=\"6745a2a\" data-element_type=\"section\" data-e-type=\"section\">\n\t\t\t\t\t\t<div class=\"elementor-container elementor-column-gap-default\">\n\t\t\t\t\t<div class=\"elementor-column elementor-col-50 elementor-top-column elementor-element elementor-element-85baaa4\" data-id=\"85baaa4\" data-element_type=\"column\" data-e-type=\"column\">\n\t\t\t<div class=\"elementor-widget-wrap elementor-element-populated\">\n\t\t\t\t\t\t<div class=\"elementor-element elementor-element-1c80751 elementor-widget elementor-widget-image\" data-id=\"1c80751\" data-element_type=\"widget\" data-e-type=\"widget\" data-widget_type=\"image.default\">\n\t\t\t\t<div class=\"elementor-widget-container\">\n\t\t\t\t\t\t\t\t\t\t\t\t\t\t\t<img decoding=\"async\" width=\"600\" height=\"414\" src=\"https:\/\/edicionesauriseduca.com\/web\/wp-content\/uploads\/2023\/12\/depositphotos_64302369-stock-illustration-map-icon-with-pin-pointer.webp\" class=\"attachment-large size-large wp-image-3596\" alt=\"\" srcset=\"https:\/\/edicionesauriseduca.com\/web\/wp-content\/uploads\/2023\/12\/depositphotos_64302369-stock-illustration-map-icon-with-pin-pointer.webp 600w, https:\/\/edicionesauriseduca.com\/web\/wp-content\/uploads\/2023\/12\/depositphotos_64302369-stock-illustration-map-icon-with-pin-pointer-300x207.webp 300w\" sizes=\"(max-width: 600px) 100vw, 600px\" \/>\t\t\t\t\t\t\t\t\t\t\t\t\t\t\t<\/div>\n\t\t\t\t<\/div>\n\t\t\t\t\t<\/div>\n\t\t<\/div>\n\t\t\t\t<div class=\"elementor-column elementor-col-50 elementor-top-column elementor-element elementor-element-d7fa406\" data-id=\"d7fa406\" data-element_type=\"column\" data-e-type=\"column\">\n\t\t\t<div class=\"elementor-widget-wrap elementor-element-populated\">\n\t\t\t\t\t\t<div class=\"elementor-element elementor-element-5a32aa0 elementor-widget elementor-widget-text-editor\" data-id=\"5a32aa0\" data-element_type=\"widget\" data-e-type=\"widget\" data-widget_type=\"text-editor.default\">\n\t\t\t\t<div class=\"elementor-widget-container\">\n\t\t\t\t\t\t\t\t\t<p>Direcci\u00f3n: Jr. Alva Ma\u00fartua 682 &#8211; Pueblo Nuevo, Chincha, Ica &#8211; Per\u00fa<br>Oficina Lima: Calle Manuel Fuentes, 420, San Isidro, Lima &#8211; Per\u00fa<\/p>\t\t\t\t\t\t\t\t<\/div>\n\t\t\t\t<\/div>\n\t\t\t\t\t<\/div>\n\t\t<\/div>\n\t\t\t\t\t<\/div>\n\t\t<\/section>\n\t\t\t\t<\/div>\n\t\t","protected":false},"excerpt":{"rendered":"<p>\u00a0 edicionesauriseduca@gmail.com +51 976492803 Direcci\u00f3n: Jr. Alva Ma\u00fartua 682 &#8211; Pueblo Nuevo, Chincha, Ica &#8211; Per\u00faOficina Lima: Calle Manuel Fuentes, 420, San Isidro, Lima &#8211; Per\u00fa<\/p>\n","protected":false},"author":2,"featured_media":0,"parent":0,"menu_order":0,"comment_status":"closed","ping_status":"closed","template":"","meta":{"footnotes":""},"class_list":["post-1921","page","type-page","status-publish","hentry","entry"],"yoast_head":"<!-- This site is optimized with the Yoast SEO plugin v27.4 - https:\/\/yoast.com\/product\/yoast-seo-wordpress\/ -->\n<title>Contacto - Ediciones Auriseduca<\/title>\n<meta name=\"robots\" content=\"index, follow, max-snippet:-1, max-image-preview:large, max-video-preview:-1\" \/>\n<link rel=\"canonical\" href=\"https:\/\/edicionesauriseduca.com\/web\/contacto\/\" \/>\n<meta property=\"og:locale\" content=\"es_ES\" \/>\n<meta property=\"og:type\" content=\"article\" \/>\n<meta property=\"og:title\" content=\"Contacto - Ediciones Auriseduca\" \/>\n<meta property=\"og:description\" content=\"\u00a0 edicionesauriseduca@gmail.com +51 976492803 Direcci\u00f3n: Jr. Alva Ma\u00fartua 682 &#8211; Pueblo Nuevo, Chincha, Ica &#8211; Per\u00faOficina Lima: Calle Manuel Fuentes, 420, San Isidro, Lima &#8211; Per\u00fa\" \/>\n<meta property=\"og:url\" content=\"https:\/\/edicionesauriseduca.com\/web\/contacto\/\" \/>\n<meta property=\"og:site_name\" content=\"Ediciones Auriseduca\" \/>\n<meta property=\"article:modified_time\" content=\"2023-12-30T13:14:58+00:00\" \/>\n<meta property=\"og:image\" content=\"https:\/\/edicionesauriseduca.com\/web\/wp-content\/uploads\/2023\/08\/descarga-1.png\" \/>\n<meta name=\"twitter:card\" content=\"summary_large_image\" \/>\n<script type=\"application\/ld+json\" class=\"yoast-schema-graph\">{\"@context\":\"https:\\\/\\\/schema.org\",\"@graph\":[{\"@type\":\"WebPage\",\"@id\":\"https:\\\/\\\/edicionesauriseduca.com\\\/web\\\/contacto\\\/\",\"url\":\"https:\\\/\\\/edicionesauriseduca.com\\\/web\\\/contacto\\\/\",\"name\":\"Contacto - Ediciones Auriseduca\",\"isPartOf\":{\"@id\":\"https:\\\/\\\/edicionesauriseduca.com\\\/web\\\/#website\"},\"primaryImageOfPage\":{\"@id\":\"https:\\\/\\\/edicionesauriseduca.com\\\/web\\\/contacto\\\/#primaryimage\"},\"image\":{\"@id\":\"https:\\\/\\\/edicionesauriseduca.com\\\/web\\\/contacto\\\/#primaryimage\"},\"thumbnailUrl\":\"https:\\\/\\\/edicionesauriseduca.com\\\/web\\\/wp-content\\\/uploads\\\/2023\\\/08\\\/descarga-1.png\",\"datePublished\":\"2022-12-15T21:05:19+00:00\",\"dateModified\":\"2023-12-30T13:14:58+00:00\",\"breadcrumb\":{\"@id\":\"https:\\\/\\\/edicionesauriseduca.com\\\/web\\\/contacto\\\/#breadcrumb\"},\"inLanguage\":\"es-PE\",\"potentialAction\":[{\"@type\":\"ReadAction\",\"target\":[\"https:\\\/\\\/edicionesauriseduca.com\\\/web\\\/contacto\\\/\"]}]},{\"@type\":\"ImageObject\",\"inLanguage\":\"es-PE\",\"@id\":\"https:\\\/\\\/edicionesauriseduca.com\\\/web\\\/contacto\\\/#primaryimage\",\"url\":\"https:\\\/\\\/edicionesauriseduca.com\\\/web\\\/wp-content\\\/uploads\\\/2023\\\/08\\\/descarga-1.png\",\"contentUrl\":\"https:\\\/\\\/edicionesauriseduca.com\\\/web\\\/wp-content\\\/uploads\\\/2023\\\/08\\\/descarga-1.png\",\"width\":283,\"height\":178},{\"@type\":\"BreadcrumbList\",\"@id\":\"https:\\\/\\\/edicionesauriseduca.com\\\/web\\\/contacto\\\/#breadcrumb\",\"itemListElement\":[{\"@type\":\"ListItem\",\"position\":1,\"name\":\"Portada\",\"item\":\"https:\\\/\\\/edicionesauriseduca.com\\\/web\\\/\"},{\"@type\":\"ListItem\",\"position\":2,\"name\":\"Contacto\"}]},{\"@type\":\"WebSite\",\"@id\":\"https:\\\/\\\/edicionesauriseduca.com\\\/web\\\/#website\",\"url\":\"https:\\\/\\\/edicionesauriseduca.com\\\/web\\\/\",\"name\":\"Ediciones Auriseduca\",\"description\":\"\",\"potentialAction\":[{\"@type\":\"SearchAction\",\"target\":{\"@type\":\"EntryPoint\",\"urlTemplate\":\"https:\\\/\\\/edicionesauriseduca.com\\\/web\\\/?s={search_term_string}\"},\"query-input\":{\"@type\":\"PropertyValueSpecification\",\"valueRequired\":true,\"valueName\":\"search_term_string\"}}],\"inLanguage\":\"es-PE\"}]}<\/script>\n<!-- \/ Yoast SEO plugin. -->","yoast_head_json":{"title":"Contacto - Ediciones Auriseduca","robots":{"index":"index","follow":"follow","max-snippet":"max-snippet:-1","max-image-preview":"max-image-preview:large","max-video-preview":"max-video-preview:-1"},"canonical":"https:\/\/edicionesauriseduca.com\/web\/contacto\/","og_locale":"es_ES","og_type":"article","og_title":"Contacto - Ediciones Auriseduca","og_description":"\u00a0 edicionesauriseduca@gmail.com +51 976492803 Direcci\u00f3n: Jr. Alva Ma\u00fartua 682 &#8211; Pueblo Nuevo, Chincha, Ica &#8211; Per\u00faOficina Lima: Calle Manuel Fuentes, 420, San Isidro, Lima &#8211; Per\u00fa","og_url":"https:\/\/edicionesauriseduca.com\/web\/contacto\/","og_site_name":"Ediciones Auriseduca","article_modified_time":"2023-12-30T13:14:58+00:00","og_image":[{"url":"https:\/\/edicionesauriseduca.com\/web\/wp-content\/uploads\/2023\/08\/descarga-1.png","type":"","width":"","height":""}],"twitter_card":"summary_large_image","schema":{"@context":"https:\/\/schema.org","@graph":[{"@type":"WebPage","@id":"https:\/\/edicionesauriseduca.com\/web\/contacto\/","url":"https:\/\/edicionesauriseduca.com\/web\/contacto\/","name":"Contacto - Ediciones Auriseduca","isPartOf":{"@id":"https:\/\/edicionesauriseduca.com\/web\/#website"},"primaryImageOfPage":{"@id":"https:\/\/edicionesauriseduca.com\/web\/contacto\/#primaryimage"},"image":{"@id":"https:\/\/edicionesauriseduca.com\/web\/contacto\/#primaryimage"},"thumbnailUrl":"https:\/\/edicionesauriseduca.com\/web\/wp-content\/uploads\/2023\/08\/descarga-1.png","datePublished":"2022-12-15T21:05:19+00:00","dateModified":"2023-12-30T13:14:58+00:00","breadcrumb":{"@id":"https:\/\/edicionesauriseduca.com\/web\/contacto\/#breadcrumb"},"inLanguage":"es-PE","potentialAction":[{"@type":"ReadAction","target":["https:\/\/edicionesauriseduca.com\/web\/contacto\/"]}]},{"@type":"ImageObject","inLanguage":"es-PE","@id":"https:\/\/edicionesauriseduca.com\/web\/contacto\/#primaryimage","url":"https:\/\/edicionesauriseduca.com\/web\/wp-content\/uploads\/2023\/08\/descarga-1.png","contentUrl":"https:\/\/edicionesauriseduca.com\/web\/wp-content\/uploads\/2023\/08\/descarga-1.png","width":283,"height":178},{"@type":"BreadcrumbList","@id":"https:\/\/edicionesauriseduca.com\/web\/contacto\/#breadcrumb","itemListElement":[{"@type":"ListItem","position":1,"name":"Portada","item":"https:\/\/edicionesauriseduca.com\/web\/"},{"@type":"ListItem","position":2,"name":"Contacto"}]},{"@type":"WebSite","@id":"https:\/\/edicionesauriseduca.com\/web\/#website","url":"https:\/\/edicionesauriseduca.com\/web\/","name":"Ediciones Auriseduca","description":"","potentialAction":[{"@type":"SearchAction","target":{"@type":"EntryPoint","urlTemplate":"https:\/\/edicionesauriseduca.com\/web\/?s={search_term_string}"},"query-input":{"@type":"PropertyValueSpecification","valueRequired":true,"valueName":"search_term_string"}}],"inLanguage":"es-PE"}]}},"_links":{"self":[{"href":"https:\/\/edicionesauriseduca.com\/web\/wp-json\/wp\/v2\/pages\/1921","targetHints":{"allow":["GET"]}}],"collection":[{"href":"https:\/\/edicionesauriseduca.com\/web\/wp-json\/wp\/v2\/pages"}],"about":[{"href":"https:\/\/edicionesauriseduca.com\/web\/wp-json\/wp\/v2\/types\/page"}],"author":[{"embeddable":true,"href":"https:\/\/edicionesauriseduca.com\/web\/wp-json\/wp\/v2\/users\/2"}],"replies":[{"embeddable":true,"href":"https:\/\/edicionesauriseduca.com\/web\/wp-json\/wp\/v2\/comments?post=1921"}],"version-history":[{"count":11,"href":"https:\/\/edicionesauriseduca.com\/web\/wp-json\/wp\/v2\/pages\/1921\/revisions"}],"predecessor-version":[{"id":3599,"href":"https:\/\/edicionesauriseduca.com\/web\/wp-json\/wp\/v2\/pages\/1921\/revisions\/3599"}],"wp:attachment":[{"href":"https:\/\/edicionesauriseduca.com\/web\/wp-json\/wp\/v2\/media?parent=1921"}],"curies":[{"name":"wp","href":"https:\/\/api.w.org\/{rel}","templated":true}]}}