{"id":172,"date":"2022-02-01T11:14:15","date_gmt":"2022-02-01T16:14:15","guid":{"rendered":"https:\/\/edicionesauriseduca.com\/web\/?page_id=172"},"modified":"2022-06-28T18:27:39","modified_gmt":"2022-06-28T23:27:39","slug":"servicios","status":"publish","type":"page","link":"https:\/\/edicionesauriseduca.com\/web\/servicios\/","title":{"rendered":"Servicios"},"content":{"rendered":"\t\t<div data-elementor-type=\"wp-page\" data-elementor-id=\"172\" class=\"elementor elementor-172\" data-elementor-post-type=\"page\">\n\t\t\t\t\t\t<section class=\"elementor-section elementor-top-section elementor-element elementor-element-d856ee0 elementor-section-boxed elementor-section-height-default elementor-section-height-default\" data-id=\"d856ee0\" data-element_type=\"section\" data-e-type=\"section\">\n\t\t\t\t\t\t<div class=\"elementor-container elementor-column-gap-default\">\n\t\t\t\t\t<div class=\"elementor-column elementor-col-100 elementor-top-column elementor-element elementor-element-3f049a2\" data-id=\"3f049a2\" data-element_type=\"column\" data-e-type=\"column\">\n\t\t\t<div class=\"elementor-widget-wrap elementor-element-populated\">\n\t\t\t\t\t\t<div class=\"elementor-element elementor-element-9a706c6 elementor-widget elementor-widget-text-editor\" data-id=\"9a706c6\" data-element_type=\"widget\" data-e-type=\"widget\" data-widget_type=\"text-editor.default\">\n\t\t\t\t<div class=\"elementor-widget-container\">\n\t\t\t\t\t\t\t\t\t<p>&#8211; Clases innovadoras<\/p><p>&#8211;\u00a0 Asesorias acad\u00e9micas a Universidades<\/p><p>&#8211; Charlas literarias para municipios y gobiernos regionales<\/p><p>&#8211; Charlas pedag\u00f3gicas para municipios y Ugels<\/p><p>&#8211; Asesor\u00eda pedag\u00f3gica a Universidades, Institutos pedag\u00f3gicas y educaci\u00f3n b\u00e1sica.<\/p><p>&#8211; Conferencias en temas de educaci\u00f3n.<\/p><p>&#8211; Conferencias en temas de investigaci\u00f3n<\/p><p>&#8211; Asesor\u00eda de Tesis<\/p><p>&#8211; Capacitaci\u00f3n en Plan Lector<\/p><p>&#8211; Capacitaci\u00f3n en Did\u00e1ctica<\/p><p>&#8211; Capacitaci\u00f3n en Docencia Universitaria<\/p><p>-Charlas en temas de literatura<\/p><p>-Divulgaci\u00f3n de libros en repositorios mundiales<\/p><p>-Entrevistas en temas de Educaci\u00f3n<\/p><p>-Entrevistas en temas de Literatura<\/p><p>-Transformamos tesis en libros para publicar como libro de investigaci\u00f3n<\/p><p>-Elaboraci\u00f3n de art\u00edculos cient\u00edficos<\/p><p>-Correcci\u00f3n de estilo<\/p><p>-Asesor\u00eda, edici\u00f3n, publicaci\u00f3n y divulgaci\u00f3n de libros digitales e impresos.<\/p>\t\t\t\t\t\t\t\t<\/div>\n\t\t\t\t<\/div>\n\t\t\t\t\t<\/div>\n\t\t<\/div>\n\t\t\t\t\t<\/div>\n\t\t<\/section>\n\t\t\t\t<\/div>\n\t\t","protected":false},"excerpt":{"rendered":"<p>&#8211; Clases innovadoras &#8211;\u00a0 Asesorias acad\u00e9micas a Universidades &#8211; Charlas literarias para municipios y gobiernos regionales &#8211; Charlas pedag\u00f3gicas para municipios y Ugels &#8211; Asesor\u00eda pedag\u00f3gica a Universidades, Institutos pedag\u00f3gicas &hellip; <a href=\"https:\/\/edicionesauriseduca.com\/web\/servicios\/\" class=\"more-link\">Read More<\/a><\/p>\n","protected":false},"author":2,"featured_media":0,"parent":0,"menu_order":0,"comment_status":"closed","ping_status":"closed","template":"","meta":{"footnotes":""},"class_list":["post-172","page","type-page","status-publish","hentry","entry"],"yoast_head":"<!-- This site is optimized with the Yoast SEO plugin v27.4 - https:\/\/yoast.com\/product\/yoast-seo-wordpress\/ -->\n<title>Servicios - Ediciones Auriseduca<\/title>\n<meta name=\"robots\" content=\"index, follow, max-snippet:-1, max-image-preview:large, max-video-preview:-1\" \/>\n<link rel=\"canonical\" href=\"https:\/\/edicionesauriseduca.com\/web\/servicios\/\" \/>\n<meta property=\"og:locale\" content=\"es_ES\" \/>\n<meta property=\"og:type\" content=\"article\" \/>\n<meta property=\"og:title\" content=\"Servicios - Ediciones Auriseduca\" \/>\n<meta property=\"og:description\" content=\"&#8211; Clases innovadoras &#8211;\u00a0 Asesorias acad\u00e9micas a Universidades &#8211; Charlas literarias para municipios y gobiernos regionales &#8211; Charlas pedag\u00f3gicas para municipios y Ugels &#8211; Asesor\u00eda pedag\u00f3gica a Universidades, Institutos pedag\u00f3gicas &hellip; Read More\" \/>\n<meta property=\"og:url\" content=\"https:\/\/edicionesauriseduca.com\/web\/servicios\/\" \/>\n<meta property=\"og:site_name\" content=\"Ediciones Auriseduca\" \/>\n<meta property=\"article:modified_time\" content=\"2022-06-28T23:27:39+00:00\" \/>\n<meta name=\"twitter:card\" content=\"summary_large_image\" \/>\n<meta name=\"twitter:label1\" content=\"Est. reading time\" \/>\n\t<meta name=\"twitter:data1\" content=\"1 minuto\" \/>\n<script type=\"application\/ld+json\" class=\"yoast-schema-graph\">{\"@context\":\"https:\\\/\\\/schema.org\",\"@graph\":[{\"@type\":\"WebPage\",\"@id\":\"https:\\\/\\\/edicionesauriseduca.com\\\/web\\\/servicios\\\/\",\"url\":\"https:\\\/\\\/edicionesauriseduca.com\\\/web\\\/servicios\\\/\",\"name\":\"Servicios - Ediciones Auriseduca\",\"isPartOf\":{\"@id\":\"https:\\\/\\\/edicionesauriseduca.com\\\/web\\\/#website\"},\"datePublished\":\"2022-02-01T16:14:15+00:00\",\"dateModified\":\"2022-06-28T23:27:39+00:00\",\"breadcrumb\":{\"@id\":\"https:\\\/\\\/edicionesauriseduca.com\\\/web\\\/servicios\\\/#breadcrumb\"},\"inLanguage\":\"es-PE\",\"potentialAction\":[{\"@type\":\"ReadAction\",\"target\":[\"https:\\\/\\\/edicionesauriseduca.com\\\/web\\\/servicios\\\/\"]}]},{\"@type\":\"BreadcrumbList\",\"@id\":\"https:\\\/\\\/edicionesauriseduca.com\\\/web\\\/servicios\\\/#breadcrumb\",\"itemListElement\":[{\"@type\":\"ListItem\",\"position\":1,\"name\":\"Portada\",\"item\":\"https:\\\/\\\/edicionesauriseduca.com\\\/web\\\/\"},{\"@type\":\"ListItem\",\"position\":2,\"name\":\"Servicios\"}]},{\"@type\":\"WebSite\",\"@id\":\"https:\\\/\\\/edicionesauriseduca.com\\\/web\\\/#website\",\"url\":\"https:\\\/\\\/edicionesauriseduca.com\\\/web\\\/\",\"name\":\"Ediciones Auriseduca\",\"description\":\"\",\"potentialAction\":[{\"@type\":\"SearchAction\",\"target\":{\"@type\":\"EntryPoint\",\"urlTemplate\":\"https:\\\/\\\/edicionesauriseduca.com\\\/web\\\/?s={search_term_string}\"},\"query-input\":{\"@type\":\"PropertyValueSpecification\",\"valueRequired\":true,\"valueName\":\"search_term_string\"}}],\"inLanguage\":\"es-PE\"}]}<\/script>\n<!-- \/ Yoast SEO plugin. -->","yoast_head_json":{"title":"Servicios - Ediciones Auriseduca","robots":{"index":"index","follow":"follow","max-snippet":"max-snippet:-1","max-image-preview":"max-image-preview:large","max-video-preview":"max-video-preview:-1"},"canonical":"https:\/\/edicionesauriseduca.com\/web\/servicios\/","og_locale":"es_ES","og_type":"article","og_title":"Servicios - Ediciones Auriseduca","og_description":"&#8211; Clases innovadoras &#8211;\u00a0 Asesorias acad\u00e9micas a Universidades &#8211; Charlas literarias para municipios y gobiernos regionales &#8211; Charlas pedag\u00f3gicas para municipios y Ugels &#8211; Asesor\u00eda pedag\u00f3gica a Universidades, Institutos pedag\u00f3gicas &hellip; Read More","og_url":"https:\/\/edicionesauriseduca.com\/web\/servicios\/","og_site_name":"Ediciones Auriseduca","article_modified_time":"2022-06-28T23:27:39+00:00","twitter_card":"summary_large_image","twitter_misc":{"Est. reading time":"1 minuto"},"schema":{"@context":"https:\/\/schema.org","@graph":[{"@type":"WebPage","@id":"https:\/\/edicionesauriseduca.com\/web\/servicios\/","url":"https:\/\/edicionesauriseduca.com\/web\/servicios\/","name":"Servicios - Ediciones Auriseduca","isPartOf":{"@id":"https:\/\/edicionesauriseduca.com\/web\/#website"},"datePublished":"2022-02-01T16:14:15+00:00","dateModified":"2022-06-28T23:27:39+00:00","breadcrumb":{"@id":"https:\/\/edicionesauriseduca.com\/web\/servicios\/#breadcrumb"},"inLanguage":"es-PE","potentialAction":[{"@type":"ReadAction","target":["https:\/\/edicionesauriseduca.com\/web\/servicios\/"]}]},{"@type":"BreadcrumbList","@id":"https:\/\/edicionesauriseduca.com\/web\/servicios\/#breadcrumb","itemListElement":[{"@type":"ListItem","position":1,"name":"Portada","item":"https:\/\/edicionesauriseduca.com\/web\/"},{"@type":"ListItem","position":2,"name":"Servicios"}]},{"@type":"WebSite","@id":"https:\/\/edicionesauriseduca.com\/web\/#website","url":"https:\/\/edicionesauriseduca.com\/web\/","name":"Ediciones Auriseduca","description":"","potentialAction":[{"@type":"SearchAction","target":{"@type":"EntryPoint","urlTemplate":"https:\/\/edicionesauriseduca.com\/web\/?s={search_term_string}"},"query-input":{"@type":"PropertyValueSpecification","valueRequired":true,"valueName":"search_term_string"}}],"inLanguage":"es-PE"}]}},"_links":{"self":[{"href":"https:\/\/edicionesauriseduca.com\/web\/wp-json\/wp\/v2\/pages\/172","targetHints":{"allow":["GET"]}}],"collection":[{"href":"https:\/\/edicionesauriseduca.com\/web\/wp-json\/wp\/v2\/pages"}],"about":[{"href":"https:\/\/edicionesauriseduca.com\/web\/wp-json\/wp\/v2\/types\/page"}],"author":[{"embeddable":true,"href":"https:\/\/edicionesauriseduca.com\/web\/wp-json\/wp\/v2\/users\/2"}],"replies":[{"embeddable":true,"href":"https:\/\/edicionesauriseduca.com\/web\/wp-json\/wp\/v2\/comments?post=172"}],"version-history":[{"count":22,"href":"https:\/\/edicionesauriseduca.com\/web\/wp-json\/wp\/v2\/pages\/172\/revisions"}],"predecessor-version":[{"id":1686,"href":"https:\/\/edicionesauriseduca.com\/web\/wp-json\/wp\/v2\/pages\/172\/revisions\/1686"}],"wp:attachment":[{"href":"https:\/\/edicionesauriseduca.com\/web\/wp-json\/wp\/v2\/media?parent=172"}],"curies":[{"name":"wp","href":"https:\/\/api.w.org\/{rel}","templated":true}]}}