{"id":1593,"date":"2022-06-10T17:33:02","date_gmt":"2022-06-10T22:33:02","guid":{"rendered":"https:\/\/edicionesauriseduca.com\/web\/?page_id=1593"},"modified":"2024-10-07T16:26:09","modified_gmt":"2024-10-07T21:26:09","slug":"davidaurisvillegas_columna","status":"publish","type":"page","link":"https:\/\/edicionesauriseduca.com\/web\/davidaurisvillegas_columna\/","title":{"rendered":"Columna"},"content":{"rendered":"\t\t<div data-elementor-type=\"wp-page\" data-elementor-id=\"1593\" class=\"elementor elementor-1593\" data-elementor-post-type=\"page\">\n\t\t\t\t\t\t<section class=\"elementor-section elementor-top-section elementor-element elementor-element-7a4dfb4 elementor-section-boxed elementor-section-height-default elementor-section-height-default\" data-id=\"7a4dfb4\" data-element_type=\"section\" data-e-type=\"section\">\n\t\t\t\t\t\t<div class=\"elementor-container elementor-column-gap-default\">\n\t\t\t\t\t<div class=\"elementor-column elementor-col-100 elementor-top-column elementor-element elementor-element-8a25358\" data-id=\"8a25358\" data-element_type=\"column\" data-e-type=\"column\">\n\t\t\t<div class=\"elementor-widget-wrap elementor-element-populated\">\n\t\t\t\t\t\t<div class=\"elementor-element elementor-element-b0513a8 elementor-grid-1 elementor-grid-tablet-2 elementor-grid-mobile-1 elementor-posts--thumbnail-top elementor-widget elementor-widget-posts\" data-id=\"b0513a8\" data-element_type=\"widget\" data-e-type=\"widget\" data-settings=\"{&quot;classic_columns&quot;:&quot;1&quot;,&quot;classic_columns_tablet&quot;:&quot;2&quot;,&quot;classic_columns_mobile&quot;:&quot;1&quot;,&quot;classic_row_gap&quot;:{&quot;unit&quot;:&quot;px&quot;,&quot;size&quot;:35,&quot;sizes&quot;:[]},&quot;classic_row_gap_tablet&quot;:{&quot;unit&quot;:&quot;px&quot;,&quot;size&quot;:&quot;&quot;,&quot;sizes&quot;:[]},&quot;classic_row_gap_mobile&quot;:{&quot;unit&quot;:&quot;px&quot;,&quot;size&quot;:&quot;&quot;,&quot;sizes&quot;:[]}}\" data-widget_type=\"posts.classic\">\n\t\t\t\t<div class=\"elementor-widget-container\">\n\t\t\t\t\t\t\t<div class=\"elementor-posts-container elementor-posts elementor-posts--skin-classic elementor-grid\" role=\"list\">\r\n\t\t\t\t<article class=\"elementor-post elementor-grid-item post-3794 post type-post status-publish format-standard hentry category-columna entry\" role=\"listitem\">\r\n\t\t\t\t<div class=\"elementor-post__text\">\r\n\t\t\t\t<h3 class=\"elementor-post__title\">\r\n\t\t\t<a href=\"https:\/\/edicionesauriseduca.com\/web\/davidaurisvillegas-educacion-ambiental-e-incendios-forestales\/\" >\r\n\t\t\t\tEducaci\u00f3n ambiental e incendios forestales\t\t\t<\/a>\r\n\t\t<\/h3>\r\n\t\t\t\t<div class=\"elementor-post__meta-data\">\r\n\t\t\t\t\t<span class=\"elementor-post-date\">\r\n\t\t\t30 septiembre, 2024\t\t<\/span>\r\n\t\t\t\t<span class=\"elementor-post-avatar\">\r\n\t\t\tNo hay comentarios\t\t<\/span>\r\n\t\t\t\t<\/div>\r\n\t\t\t\t<div class=\"elementor-post__excerpt\">\r\n\t\t\t<p>Nuestro pa\u00eds contin\u00faa en llamas, envolviendo de dolor a muchas personas y animales que inesperadamente habitan entre el humo y el fuego, ante la impotencia de un Estado fr\u00edvolo. Este<\/p>\n\t\t<\/div>\r\n\t\t\r\n\t\t<a class=\"elementor-post__read-more\" href=\"https:\/\/edicionesauriseduca.com\/web\/davidaurisvillegas-educacion-ambiental-e-incendios-forestales\/\" aria-label=\"Read more about Educaci\u00f3n ambiental e incendios forestales\" tabindex=\"-1\" >\r\n\t\t\t Seguir Leyendo\u00bb\t\t<\/a>\r\n\r\n\t\t\t\t<\/div>\r\n\t\t\t\t<\/article>\r\n\t\t\t\t<article class=\"elementor-post elementor-grid-item post-3197 post type-post status-publish format-standard has-post-thumbnail hentry category-columna entry\" role=\"listitem\">\r\n\t\t\t\t<a class=\"elementor-post__thumbnail__link\" href=\"https:\/\/edicionesauriseduca.com\/web\/davidaurisvilegas-la-toma-de-lima-lecciones-pedagogicas-para-no-repetir-la-historia\/\" tabindex=\"-1\" >\r\n\t\t\t<div class=\"elementor-post__thumbnail\"><img decoding=\"async\" width=\"300\" height=\"139\" src=\"https:\/\/edicionesauriseduca.com\/web\/wp-content\/uploads\/2023\/07\/La-toma-de-lima-300x139.jpg\" class=\"attachment-medium size-medium wp-image-3198\" alt=\"\" srcset=\"https:\/\/edicionesauriseduca.com\/web\/wp-content\/uploads\/2023\/07\/La-toma-de-lima-300x139.jpg 300w, https:\/\/edicionesauriseduca.com\/web\/wp-content\/uploads\/2023\/07\/La-toma-de-lima-768x356.jpg 768w, https:\/\/edicionesauriseduca.com\/web\/wp-content\/uploads\/2023\/07\/La-toma-de-lima.jpg 1000w\" sizes=\"(max-width: 300px) 100vw, 300px\" \/><\/div>\r\n\t\t<\/a>\r\n\t\t\t\t<div class=\"elementor-post__text\">\r\n\t\t\t\t<h3 class=\"elementor-post__title\">\r\n\t\t\t<a href=\"https:\/\/edicionesauriseduca.com\/web\/davidaurisvilegas-la-toma-de-lima-lecciones-pedagogicas-para-no-repetir-la-historia\/\" >\r\n\t\t\t\tLa toma de Lima: lecciones pedag\u00f3gicas para no repetir la historia\t\t\t<\/a>\r\n\t\t<\/h3>\r\n\t\t\t\t<div class=\"elementor-post__meta-data\">\r\n\t\t\t\t\t<span class=\"elementor-post-date\">\r\n\t\t\t30 julio, 2023\t\t<\/span>\r\n\t\t\t\t<span class=\"elementor-post-avatar\">\r\n\t\t\tNo hay comentarios\t\t<\/span>\r\n\t\t\t\t<\/div>\r\n\t\t\t\t<div class=\"elementor-post__excerpt\">\r\n\t\t\t<p>El 19 de julio, las manifestaciones han inundado Lima, la capital peruana y en diversas regiones del pa\u00eds. Los ciudadanos han expresado su frustraci\u00f3n y rechazo hacia un gobierno mediocre<\/p>\n\t\t<\/div>\r\n\t\t\r\n\t\t<a class=\"elementor-post__read-more\" href=\"https:\/\/edicionesauriseduca.com\/web\/davidaurisvilegas-la-toma-de-lima-lecciones-pedagogicas-para-no-repetir-la-historia\/\" aria-label=\"Read more about La toma de Lima: lecciones pedag\u00f3gicas para no repetir la historia\" tabindex=\"-1\" >\r\n\t\t\t Seguir Leyendo\u00bb\t\t<\/a>\r\n\r\n\t\t\t\t<\/div>\r\n\t\t\t\t<\/article>\r\n\t\t\t\t<article class=\"elementor-post elementor-grid-item post-2342 post type-post status-publish format-standard has-post-thumbnail hentry category-columna entry\" role=\"listitem\">\r\n\t\t\t\t<a class=\"elementor-post__thumbnail__link\" href=\"https:\/\/edicionesauriseduca.com\/web\/davidaurisvillegas-el-7-de-junio-un-dia-de-celebracion-ciudadana-desde-la-educacion\/\" tabindex=\"-1\" >\r\n\t\t\t<div class=\"elementor-post__thumbnail\"><img decoding=\"async\" width=\"300\" height=\"139\" src=\"https:\/\/edicionesauriseduca.com\/web\/wp-content\/uploads\/2023\/06\/96-300x139.jpg\" class=\"attachment-medium size-medium wp-image-2343\" alt=\"\" srcset=\"https:\/\/edicionesauriseduca.com\/web\/wp-content\/uploads\/2023\/06\/96-300x139.jpg 300w, https:\/\/edicionesauriseduca.com\/web\/wp-content\/uploads\/2023\/06\/96-768x356.jpg 768w, https:\/\/edicionesauriseduca.com\/web\/wp-content\/uploads\/2023\/06\/96.jpg 1000w\" sizes=\"(max-width: 300px) 100vw, 300px\" \/><\/div>\r\n\t\t<\/a>\r\n\t\t\t\t<div class=\"elementor-post__text\">\r\n\t\t\t\t<h3 class=\"elementor-post__title\">\r\n\t\t\t<a href=\"https:\/\/edicionesauriseduca.com\/web\/davidaurisvillegas-el-7-de-junio-un-dia-de-celebracion-ciudadana-desde-la-educacion\/\" >\r\n\t\t\t\tEl 7 de junio, un d\u00eda de celebraci\u00f3n ciudadana desde la educaci\u00f3n\t\t\t<\/a>\r\n\t\t<\/h3>\r\n\t\t\t\t<div class=\"elementor-post__meta-data\">\r\n\t\t\t\t\t<span class=\"elementor-post-date\">\r\n\t\t\t4 junio, 2023\t\t<\/span>\r\n\t\t\t\t<span class=\"elementor-post-avatar\">\r\n\t\t\tNo hay comentarios\t\t<\/span>\r\n\t\t\t\t<\/div>\r\n\t\t\t\t<div class=\"elementor-post__excerpt\">\r\n\t\t\t<p>Cada 7 de junio, los peruanos celebramos el D\u00eda de la Bandera para vigorizar nuestra identidad nacional, nuestra historia y tambi\u00e9n nuestros ideales y sue\u00f1os con un pa\u00eds m\u00e1s unido<\/p>\n\t\t<\/div>\r\n\t\t\r\n\t\t<a class=\"elementor-post__read-more\" href=\"https:\/\/edicionesauriseduca.com\/web\/davidaurisvillegas-el-7-de-junio-un-dia-de-celebracion-ciudadana-desde-la-educacion\/\" aria-label=\"Read more about El 7 de junio, un d\u00eda de celebraci\u00f3n ciudadana desde la educaci\u00f3n\" tabindex=\"-1\" >\r\n\t\t\t Seguir Leyendo\u00bb\t\t<\/a>\r\n\r\n\t\t\t\t<\/div>\r\n\t\t\t\t<\/article>\r\n\t\t\t\t<article class=\"elementor-post elementor-grid-item post-2335 post type-post status-publish format-standard has-post-thumbnail hentry category-columna entry\" role=\"listitem\">\r\n\t\t\t\t<a class=\"elementor-post__thumbnail__link\" href=\"https:\/\/edicionesauriseduca.com\/web\/davidaurisvillegas-diversidad-cultural-una-oportunidad-para-armonizar-desde-la-escuela\/\" tabindex=\"-1\" >\r\n\t\t\t<div class=\"elementor-post__thumbnail\"><img decoding=\"async\" width=\"300\" height=\"139\" src=\"https:\/\/edicionesauriseduca.com\/web\/wp-content\/uploads\/2023\/05\/95-300x139.jpg\" class=\"attachment-medium size-medium wp-image-2336\" alt=\"\" srcset=\"https:\/\/edicionesauriseduca.com\/web\/wp-content\/uploads\/2023\/05\/95-300x139.jpg 300w, https:\/\/edicionesauriseduca.com\/web\/wp-content\/uploads\/2023\/05\/95-768x356.jpg 768w, https:\/\/edicionesauriseduca.com\/web\/wp-content\/uploads\/2023\/05\/95.jpg 1000w\" sizes=\"(max-width: 300px) 100vw, 300px\" \/><\/div>\r\n\t\t<\/a>\r\n\t\t\t\t<div class=\"elementor-post__text\">\r\n\t\t\t\t<h3 class=\"elementor-post__title\">\r\n\t\t\t<a href=\"https:\/\/edicionesauriseduca.com\/web\/davidaurisvillegas-diversidad-cultural-una-oportunidad-para-armonizar-desde-la-escuela\/\" >\r\n\t\t\t\tDiversidad cultural: una oportunidad para armonizar desde la escuela\t\t\t<\/a>\r\n\t\t<\/h3>\r\n\t\t\t\t<div class=\"elementor-post__meta-data\">\r\n\t\t\t\t\t<span class=\"elementor-post-date\">\r\n\t\t\t28 mayo, 2023\t\t<\/span>\r\n\t\t\t\t<span class=\"elementor-post-avatar\">\r\n\t\t\tNo hay comentarios\t\t<\/span>\r\n\t\t\t\t<\/div>\r\n\t\t\t\t<div class=\"elementor-post__excerpt\">\r\n\t\t\t<p>La diversidad cultural hace que nuestro mundo sea m\u00e1s hermoso y fascinante como el arco iris que nos envuelve con la magia de sus colores, sin embargo, seg\u00fan la Unesco,<\/p>\n\t\t<\/div>\r\n\t\t\r\n\t\t<a class=\"elementor-post__read-more\" href=\"https:\/\/edicionesauriseduca.com\/web\/davidaurisvillegas-diversidad-cultural-una-oportunidad-para-armonizar-desde-la-escuela\/\" aria-label=\"Read more about Diversidad cultural: una oportunidad para armonizar desde la escuela\" tabindex=\"-1\" >\r\n\t\t\t Seguir Leyendo\u00bb\t\t<\/a>\r\n\r\n\t\t\t\t<\/div>\r\n\t\t\t\t<\/article>\r\n\t\t\t\t<article class=\"elementor-post elementor-grid-item post-2327 post type-post status-publish format-standard has-post-thumbnail hentry category-columna entry\" role=\"listitem\">\r\n\t\t\t\t<a class=\"elementor-post__thumbnail__link\" href=\"https:\/\/edicionesauriseduca.com\/web\/davidaurisvillegas-tupac-amaru-ii-su-legado-educativo-para-la-transformacion-social\/\" tabindex=\"-1\" >\r\n\t\t\t<div class=\"elementor-post__thumbnail\"><img loading=\"lazy\" decoding=\"async\" width=\"300\" height=\"139\" src=\"https:\/\/edicionesauriseduca.com\/web\/wp-content\/uploads\/2023\/05\/94-300x139.jpg\" class=\"attachment-medium size-medium wp-image-2328\" alt=\"\" srcset=\"https:\/\/edicionesauriseduca.com\/web\/wp-content\/uploads\/2023\/05\/94-300x139.jpg 300w, https:\/\/edicionesauriseduca.com\/web\/wp-content\/uploads\/2023\/05\/94-768x356.jpg 768w, https:\/\/edicionesauriseduca.com\/web\/wp-content\/uploads\/2023\/05\/94.jpg 1000w\" sizes=\"(max-width: 300px) 100vw, 300px\" \/><\/div>\r\n\t\t<\/a>\r\n\t\t\t\t<div class=\"elementor-post__text\">\r\n\t\t\t\t<h3 class=\"elementor-post__title\">\r\n\t\t\t<a href=\"https:\/\/edicionesauriseduca.com\/web\/davidaurisvillegas-tupac-amaru-ii-su-legado-educativo-para-la-transformacion-social\/\" >\r\n\t\t\t\tTupac Amaru II: su legado educativo para la transformaci\u00f3n social\t\t\t<\/a>\r\n\t\t<\/h3>\r\n\t\t\t\t<div class=\"elementor-post__meta-data\">\r\n\t\t\t\t\t<span class=\"elementor-post-date\">\r\n\t\t\t23 mayo, 2023\t\t<\/span>\r\n\t\t\t\t<span class=\"elementor-post-avatar\">\r\n\t\t\tNo hay comentarios\t\t<\/span>\r\n\t\t\t\t<\/div>\r\n\t\t\t\t<div class=\"elementor-post__excerpt\">\r\n\t\t\t<p>&nbsp; Escribo este art\u00edculo, como homenaje a Tupac Amaru II, el m\u00e1s grande revolucionario peruano que fue decapitado junto a su esposa, Micaela Bastidas, un 18 de mayo de 1781,<\/p>\n\t\t<\/div>\r\n\t\t\r\n\t\t<a class=\"elementor-post__read-more\" href=\"https:\/\/edicionesauriseduca.com\/web\/davidaurisvillegas-tupac-amaru-ii-su-legado-educativo-para-la-transformacion-social\/\" aria-label=\"Read more about Tupac Amaru II: su legado educativo para la transformaci\u00f3n social\" tabindex=\"-1\" >\r\n\t\t\t Seguir Leyendo\u00bb\t\t<\/a>\r\n\r\n\t\t\t\t<\/div>\r\n\t\t\t\t<\/article>\r\n\t\t\t\t<article class=\"elementor-post elementor-grid-item post-2292 post type-post status-publish format-standard hentry category-columna entry\" role=\"listitem\">\r\n\t\t\t\t<div class=\"elementor-post__text\">\r\n\t\t\t\t<h3 class=\"elementor-post__title\">\r\n\t\t\t<a href=\"https:\/\/edicionesauriseduca.com\/web\/davidaurisvillegas-pedagogia-de-mama\/\" >\r\n\t\t\t\tPedagog\u00eda de mam\u00e1\t\t\t<\/a>\r\n\t\t<\/h3>\r\n\t\t\t\t<div class=\"elementor-post__meta-data\">\r\n\t\t\t\t\t<span class=\"elementor-post-date\">\r\n\t\t\t14 mayo, 2023\t\t<\/span>\r\n\t\t\t\t<span class=\"elementor-post-avatar\">\r\n\t\t\tNo hay comentarios\t\t<\/span>\r\n\t\t\t\t<\/div>\r\n\t\t\t\t<div class=\"elementor-post__excerpt\">\r\n\t\t\t<p>Quienes alguna vez hemos confesado nuestras penas a mam\u00e1, ella, escuch\u00e1ndonos con calma, nos ha motivado y hemos salido a la vida m\u00e1s alegre y valiente. A esta experiencia lo<\/p>\n\t\t<\/div>\r\n\t\t\r\n\t\t<a class=\"elementor-post__read-more\" href=\"https:\/\/edicionesauriseduca.com\/web\/davidaurisvillegas-pedagogia-de-mama\/\" aria-label=\"Read more about Pedagog\u00eda de mam\u00e1\" tabindex=\"-1\" >\r\n\t\t\t Seguir Leyendo\u00bb\t\t<\/a>\r\n\r\n\t\t\t\t<\/div>\r\n\t\t\t\t<\/article>\r\n\t\t\t\t<\/div>\r\n\t\t\r\n\t\t\t\t\t\t<\/div>\n\t\t\t\t<\/div>\n\t\t\t\t\t<\/div>\n\t\t<\/div>\n\t\t\t\t\t<\/div>\n\t\t<\/section>\n\t\t\t\t<\/div>\n\t\t","protected":false},"excerpt":{"rendered":"","protected":false},"author":2,"featured_media":0,"parent":0,"menu_order":0,"comment_status":"closed","ping_status":"closed","template":"","meta":{"footnotes":""},"class_list":["post-1593","page","type-page","status-publish","hentry","entry"],"yoast_head":"<!-- This site is optimized with the Yoast SEO plugin v27.4 - https:\/\/yoast.com\/product\/yoast-seo-wordpress\/ -->\n<title>Columna - Ediciones Auriseduca<\/title>\n<meta name=\"robots\" content=\"index, follow, max-snippet:-1, max-image-preview:large, max-video-preview:-1\" \/>\n<link rel=\"canonical\" href=\"https:\/\/edicionesauriseduca.com\/web\/davidaurisvillegas_columna\/\" \/>\n<meta property=\"og:locale\" content=\"es_ES\" \/>\n<meta property=\"og:type\" content=\"article\" \/>\n<meta property=\"og:title\" content=\"Columna - Ediciones Auriseduca\" \/>\n<meta property=\"og:url\" content=\"https:\/\/edicionesauriseduca.com\/web\/davidaurisvillegas_columna\/\" \/>\n<meta property=\"og:site_name\" content=\"Ediciones Auriseduca\" \/>\n<meta property=\"article:modified_time\" content=\"2024-10-07T21:26:09+00:00\" \/>\n<meta name=\"twitter:card\" content=\"summary_large_image\" \/>\n<meta name=\"twitter:label1\" content=\"Est. reading time\" \/>\n\t<meta name=\"twitter:data1\" content=\"1 minuto\" \/>\n<script type=\"application\/ld+json\" class=\"yoast-schema-graph\">{\"@context\":\"https:\\\/\\\/schema.org\",\"@graph\":[{\"@type\":\"WebPage\",\"@id\":\"https:\\\/\\\/edicionesauriseduca.com\\\/web\\\/davidaurisvillegas_columna\\\/\",\"url\":\"https:\\\/\\\/edicionesauriseduca.com\\\/web\\\/davidaurisvillegas_columna\\\/\",\"name\":\"Columna - Ediciones Auriseduca\",\"isPartOf\":{\"@id\":\"https:\\\/\\\/edicionesauriseduca.com\\\/web\\\/#website\"},\"datePublished\":\"2022-06-10T22:33:02+00:00\",\"dateModified\":\"2024-10-07T21:26:09+00:00\",\"breadcrumb\":{\"@id\":\"https:\\\/\\\/edicionesauriseduca.com\\\/web\\\/davidaurisvillegas_columna\\\/#breadcrumb\"},\"inLanguage\":\"es-PE\",\"potentialAction\":[{\"@type\":\"ReadAction\",\"target\":[\"https:\\\/\\\/edicionesauriseduca.com\\\/web\\\/davidaurisvillegas_columna\\\/\"]}]},{\"@type\":\"BreadcrumbList\",\"@id\":\"https:\\\/\\\/edicionesauriseduca.com\\\/web\\\/davidaurisvillegas_columna\\\/#breadcrumb\",\"itemListElement\":[{\"@type\":\"ListItem\",\"position\":1,\"name\":\"Portada\",\"item\":\"https:\\\/\\\/edicionesauriseduca.com\\\/web\\\/\"},{\"@type\":\"ListItem\",\"position\":2,\"name\":\"Columna\"}]},{\"@type\":\"WebSite\",\"@id\":\"https:\\\/\\\/edicionesauriseduca.com\\\/web\\\/#website\",\"url\":\"https:\\\/\\\/edicionesauriseduca.com\\\/web\\\/\",\"name\":\"Ediciones Auriseduca\",\"description\":\"\",\"potentialAction\":[{\"@type\":\"SearchAction\",\"target\":{\"@type\":\"EntryPoint\",\"urlTemplate\":\"https:\\\/\\\/edicionesauriseduca.com\\\/web\\\/?s={search_term_string}\"},\"query-input\":{\"@type\":\"PropertyValueSpecification\",\"valueRequired\":true,\"valueName\":\"search_term_string\"}}],\"inLanguage\":\"es-PE\"}]}<\/script>\n<!-- \/ Yoast SEO plugin. -->","yoast_head_json":{"title":"Columna - Ediciones Auriseduca","robots":{"index":"index","follow":"follow","max-snippet":"max-snippet:-1","max-image-preview":"max-image-preview:large","max-video-preview":"max-video-preview:-1"},"canonical":"https:\/\/edicionesauriseduca.com\/web\/davidaurisvillegas_columna\/","og_locale":"es_ES","og_type":"article","og_title":"Columna - Ediciones Auriseduca","og_url":"https:\/\/edicionesauriseduca.com\/web\/davidaurisvillegas_columna\/","og_site_name":"Ediciones Auriseduca","article_modified_time":"2024-10-07T21:26:09+00:00","twitter_card":"summary_large_image","twitter_misc":{"Est. reading time":"1 minuto"},"schema":{"@context":"https:\/\/schema.org","@graph":[{"@type":"WebPage","@id":"https:\/\/edicionesauriseduca.com\/web\/davidaurisvillegas_columna\/","url":"https:\/\/edicionesauriseduca.com\/web\/davidaurisvillegas_columna\/","name":"Columna - Ediciones Auriseduca","isPartOf":{"@id":"https:\/\/edicionesauriseduca.com\/web\/#website"},"datePublished":"2022-06-10T22:33:02+00:00","dateModified":"2024-10-07T21:26:09+00:00","breadcrumb":{"@id":"https:\/\/edicionesauriseduca.com\/web\/davidaurisvillegas_columna\/#breadcrumb"},"inLanguage":"es-PE","potentialAction":[{"@type":"ReadAction","target":["https:\/\/edicionesauriseduca.com\/web\/davidaurisvillegas_columna\/"]}]},{"@type":"BreadcrumbList","@id":"https:\/\/edicionesauriseduca.com\/web\/davidaurisvillegas_columna\/#breadcrumb","itemListElement":[{"@type":"ListItem","position":1,"name":"Portada","item":"https:\/\/edicionesauriseduca.com\/web\/"},{"@type":"ListItem","position":2,"name":"Columna"}]},{"@type":"WebSite","@id":"https:\/\/edicionesauriseduca.com\/web\/#website","url":"https:\/\/edicionesauriseduca.com\/web\/","name":"Ediciones Auriseduca","description":"","potentialAction":[{"@type":"SearchAction","target":{"@type":"EntryPoint","urlTemplate":"https:\/\/edicionesauriseduca.com\/web\/?s={search_term_string}"},"query-input":{"@type":"PropertyValueSpecification","valueRequired":true,"valueName":"search_term_string"}}],"inLanguage":"es-PE"}]}},"_links":{"self":[{"href":"https:\/\/edicionesauriseduca.com\/web\/wp-json\/wp\/v2\/pages\/1593","targetHints":{"allow":["GET"]}}],"collection":[{"href":"https:\/\/edicionesauriseduca.com\/web\/wp-json\/wp\/v2\/pages"}],"about":[{"href":"https:\/\/edicionesauriseduca.com\/web\/wp-json\/wp\/v2\/types\/page"}],"author":[{"embeddable":true,"href":"https:\/\/edicionesauriseduca.com\/web\/wp-json\/wp\/v2\/users\/2"}],"replies":[{"embeddable":true,"href":"https:\/\/edicionesauriseduca.com\/web\/wp-json\/wp\/v2\/comments?post=1593"}],"version-history":[{"count":13,"href":"https:\/\/edicionesauriseduca.com\/web\/wp-json\/wp\/v2\/pages\/1593\/revisions"}],"predecessor-version":[{"id":1963,"href":"https:\/\/edicionesauriseduca.com\/web\/wp-json\/wp\/v2\/pages\/1593\/revisions\/1963"}],"wp:attachment":[{"href":"https:\/\/edicionesauriseduca.com\/web\/wp-json\/wp\/v2\/media?parent=1593"}],"curies":[{"name":"wp","href":"https:\/\/api.w.org\/{rel}","templated":true}]}}